{"id":7,"date":"2021-02-16T11:58:32","date_gmt":"2021-02-16T11:58:32","guid":{"rendered":"https:\/\/amici-beach-club.de\/?page_id=7"},"modified":"2022-10-10T07:25:11","modified_gmt":"2022-10-10T07:25:11","slug":"elementor-7","status":"publish","type":"page","link":"https:\/\/amici-beach-club.de\/","title":{"rendered":"Elementor #7"},"content":{"rendered":"\t\t<div data-elementor-type=\"wp-page\" data-elementor-id=\"7\" class=\"elementor elementor-7\">\n\t\t\t\t\t\t\t\t\t<section class=\"elementor-section elementor-top-section elementor-element elementor-element-c2cdb7f elementor-section-height-min-height elementor-section-stretched elementor-section-boxed elementor-section-height-default elementor-section-items-middle\" data-id=\"c2cdb7f\" data-element_type=\"section\" data-settings=\"{&quot;stretch_section&quot;:&quot;section-stretched&quot;,&quot;jet_parallax_layout_list&quot;:[{&quot;jet_parallax_layout_image&quot;:{&quot;url&quot;:&quot;&quot;,&quot;id&quot;:&quot;&quot;},&quot;_id&quot;:&quot;ca4eb23&quot;,&quot;jet_parallax_layout_image_tablet&quot;:{&quot;url&quot;:&quot;&quot;,&quot;id&quot;:&quot;&quot;},&quot;jet_parallax_layout_image_mobile&quot;:{&quot;url&quot;:&quot;&quot;,&quot;id&quot;:&quot;&quot;},&quot;jet_parallax_layout_speed&quot;:{&quot;unit&quot;:&quot;%&quot;,&quot;size&quot;:50,&quot;sizes&quot;:[]},&quot;jet_parallax_layout_type&quot;:&quot;scroll&quot;,&quot;jet_parallax_layout_direction&quot;:&quot;1&quot;,&quot;jet_parallax_layout_fx_direction&quot;:null,&quot;jet_parallax_layout_z_index&quot;:&quot;&quot;,&quot;jet_parallax_layout_bg_x&quot;:50,&quot;jet_parallax_layout_bg_x_tablet&quot;:&quot;&quot;,&quot;jet_parallax_layout_bg_x_mobile&quot;:&quot;&quot;,&quot;jet_parallax_layout_bg_y&quot;:50,&quot;jet_parallax_layout_bg_y_tablet&quot;:&quot;&quot;,&quot;jet_parallax_layout_bg_y_mobile&quot;:&quot;&quot;,&quot;jet_parallax_layout_bg_size&quot;:&quot;auto&quot;,&quot;jet_parallax_layout_bg_size_tablet&quot;:&quot;&quot;,&quot;jet_parallax_layout_bg_size_mobile&quot;:&quot;&quot;,&quot;jet_parallax_layout_animation_prop&quot;:&quot;transform&quot;,&quot;jet_parallax_layout_on&quot;:[&quot;desktop&quot;,&quot;tablet&quot;]}],&quot;background_background&quot;:&quot;classic&quot;}\">\n\t\t\t\t\t\t<div class=\"elementor-container elementor-column-gap-default\">\n\t\t\t\t\t<div class=\"elementor-column elementor-col-100 elementor-top-column elementor-element elementor-element-2007da5\" data-id=\"2007da5\" data-element_type=\"column\">\n\t\t\t<div class=\"elementor-widget-wrap elementor-element-populated\">\n\t\t\t\t\t\t\t\t<div class=\"elementor-element elementor-element-634dab2 elementor-widget elementor-widget-image\" data-id=\"634dab2\" data-element_type=\"widget\" data-widget_type=\"image.default\">\n\t\t\t\t<div class=\"elementor-widget-container\">\n\t\t\t\t\t\t\t\t\t\t\t\t\t\t\t<img width=\"3225\" height=\"964\" src=\"https:\/\/amici-beach-club.de\/wp-content\/uploads\/2021\/02\/amici-beach-club-logo.png\" class=\"attachment-full size-full\" alt=\"\" loading=\"lazy\" srcset=\"https:\/\/amici-beach-club.de\/wp-content\/uploads\/2021\/02\/amici-beach-club-logo.png 3225w, https:\/\/amici-beach-club.de\/wp-content\/uploads\/2021\/02\/amici-beach-club-logo-300x90.png 300w, https:\/\/amici-beach-club.de\/wp-content\/uploads\/2021\/02\/amici-beach-club-logo-1024x306.png 1024w, https:\/\/amici-beach-club.de\/wp-content\/uploads\/2021\/02\/amici-beach-club-logo-768x230.png 768w, https:\/\/amici-beach-club.de\/wp-content\/uploads\/2021\/02\/amici-beach-club-logo-1536x459.png 1536w, https:\/\/amici-beach-club.de\/wp-content\/uploads\/2021\/02\/amici-beach-club-logo-2048x612.png 2048w, https:\/\/amici-beach-club.de\/wp-content\/uploads\/2021\/02\/amici-beach-club-logo-600x179.png 600w\" sizes=\"(max-width: 3225px) 100vw, 3225px\" \/>\t\t\t\t\t\t\t\t\t\t\t\t\t\t\t<\/div>\n\t\t\t\t<\/div>\n\t\t\t\t<div class=\"elementor-element elementor-element-24e32f5 elementor-widget elementor-widget-text-editor\" data-id=\"24e32f5\" data-element_type=\"widget\" data-widget_type=\"text-editor.default\">\n\t\t\t\t<div class=\"elementor-widget-container\">\n\t\t\t\t\t\t\t<h5 style=\"text-align: center;\"><strong>Der Tag ist gekommen, an dem wir unsere T\u00fcren, an diesem sch\u00f6nen Ort, f\u00fcr immer schlie\u00dfen werden.<\/strong><\/h5><h6 style=\"text-align: center;\">Aufgrund der \u201eschweren Zeiten\u201c mit den immensen Herausforderungen haben wir uns zu diesem besonderen Schritt entschieden. Unser tolles Team bleibt uns nat\u00fcrlich erhalten.<\/h6><h6 style=\"text-align: center;\">Doch auch dieser Schritt hat etwas Gutes! Jedes Ende ist auch der Anfang von etwas Neuem.<\/h6><h6 style=\"text-align: center;\">Daher hoffen wir, dass Sie uns auch weiterhin treu bleiben und uns in unserem Restaurant <a href=\"https:\/\/aloha-beach-house.com\/\">\u201eAloha Beach House\u201c<\/a> in H\u00fcckelhoven\/Brachelen am Kapbuschsee besuchen werden.<\/h6><h6 style=\"text-align: center;\">Wir bedanken uns von Herzen bei Ihnen f\u00fcr Ihre langj\u00e4hrige Treue, die vielen Besuche mit heiteren Gespr\u00e4chen und auch f\u00fcr die zahlreichen bunten Feiern mit so verschiedenen Anl\u00e4ssen in unserem Beach Club.<\/h6>\t\t\t\t\t\t<\/div>\n\t\t\t\t<\/div>\n\t\t\t\t<div class=\"elementor-element elementor-element-6713680 elementor-align-center elementor-widget elementor-widget-button\" data-id=\"6713680\" data-element_type=\"widget\" data-widget_type=\"button.default\">\n\t\t\t\t<div class=\"elementor-widget-container\">\n\t\t\t\t\t<div class=\"elementor-button-wrapper\">\n\t\t\t<a href=\"https:\/\/aloha-beach-house.com\/\" target=\"_blank\" class=\"elementor-button-link elementor-button elementor-size-sm\" role=\"button\">\n\t\t\t\t\t\t<span class=\"elementor-button-content-wrapper\">\n\t\t\t\t\t\t<span class=\"elementor-button-text\">Zum Aloha Beach House<\/span>\n\t\t<\/span>\n\t\t\t\t\t<\/a>\n\t\t<\/div>\n\t\t\t\t<\/div>\n\t\t\t\t<\/div>\n\t\t\t\t\t<\/div>\n\t\t<\/div>\n\t\t\t\t\t\t\t<\/div>\n\t\t<\/section>\n\t\t\t\t<section class=\"elementor-section elementor-top-section elementor-element elementor-element-491e7e3 elementor-section-boxed elementor-section-height-default elementor-section-height-default\" data-id=\"491e7e3\" data-element_type=\"section\" data-settings=\"{&quot;jet_parallax_layout_list&quot;:[]}\">\n\t\t\t\t\t\t<div class=\"elementor-container elementor-column-gap-default\">\n\t\t\t\t\t<div class=\"elementor-column elementor-col-50 elementor-top-column elementor-element elementor-element-f95a4d6\" data-id=\"f95a4d6\" data-element_type=\"column\">\n\t\t\t<div class=\"elementor-widget-wrap\">\n\t\t\t\t\t\t\t\t\t<\/div>\n\t\t<\/div>\n\t\t\t\t<div class=\"elementor-column elementor-col-50 elementor-top-column elementor-element elementor-element-c3b2a0e\" data-id=\"c3b2a0e\" data-element_type=\"column\">\n\t\t\t<div class=\"elementor-widget-wrap\">\n\t\t\t\t\t\t\t\t\t<\/div>\n\t\t<\/div>\n\t\t\t\t\t\t\t<\/div>\n\t\t<\/section>\n\t\t\t\t\t\t\t<\/div>\n\t\t","protected":false},"excerpt":{"rendered":"<p>Der Tag ist gekommen, an dem wir unsere T\u00fcren, an diesem sch\u00f6nen Ort, f\u00fcr immer schlie\u00dfen werden. Aufgrund der \u201eschweren Zeiten\u201c mit den immensen Herausforderungen haben wir uns zu diesem besonderen Schritt entschieden. Unser tolles Team bleibt uns nat\u00fcrlich erhalten. Doch auch dieser Schritt hat etwas Gutes! Jedes Ende ist auch der Anfang von etwas [&hellip;]<\/p>\n","protected":false},"author":1,"featured_media":0,"parent":0,"menu_order":0,"comment_status":"closed","ping_status":"closed","template":"","meta":[],"_links":{"self":[{"href":"https:\/\/amici-beach-club.de\/index.php?rest_route=\/wp\/v2\/pages\/7"}],"collection":[{"href":"https:\/\/amici-beach-club.de\/index.php?rest_route=\/wp\/v2\/pages"}],"about":[{"href":"https:\/\/amici-beach-club.de\/index.php?rest_route=\/wp\/v2\/types\/page"}],"author":[{"embeddable":true,"href":"https:\/\/amici-beach-club.de\/index.php?rest_route=\/wp\/v2\/users\/1"}],"replies":[{"embeddable":true,"href":"https:\/\/amici-beach-club.de\/index.php?rest_route=%2Fwp%2Fv2%2Fcomments&post=7"}],"version-history":[{"count":126,"href":"https:\/\/amici-beach-club.de\/index.php?rest_route=\/wp\/v2\/pages\/7\/revisions"}],"predecessor-version":[{"id":168,"href":"https:\/\/amici-beach-club.de\/index.php?rest_route=\/wp\/v2\/pages\/7\/revisions\/168"}],"wp:attachment":[{"href":"https:\/\/amici-beach-club.de\/index.php?rest_route=%2Fwp%2Fv2%2Fmedia&parent=7"}],"curies":[{"name":"wp","href":"https:\/\/api.w.org\/{rel}","templated":true}]}}